{"id":707,"date":"2026-01-22T16:47:41","date_gmt":"2026-01-22T14:47:41","guid":{"rendered":"https:\/\/www.annacanjordi.com\/?page_id=707"},"modified":"2026-02-26T13:32:17","modified_gmt":"2026-02-26T11:32:17","slug":"historia-y-valores","status":"publish","type":"page","link":"https:\/\/www.annacanjordi.com\/es\/historia-y-valores\/","title":{"rendered":"Historia y valores"},"content":{"rendered":"<div class=\"wpb-content-wrapper\"><p>[vc_row css_animation=\u00bb\u00bb row_type=\u00bbrow\u00bb use_row_as_full_screen_section=\u00bbno\u00bb type=\u00bbgrid\u00bb angled_section=\u00bbno\u00bb text_align=\u00bbleft\u00bb background_image_as_pattern=\u00bbwithout_pattern\u00bb z_index=\u00bb\u00bb padding_top=\u00bb30&#8243;][vc_column][vc_column_text css=\u00bb\u00bb]<\/p>\n<p style=\"text-align: right;\"><a href=\"\/es\">Inicio<\/a> \/\/ Historia y valores<\/p>\n<p>[\/vc_column_text][\/vc_column][\/vc_row][vc_row css_animation=\u00bb\u00bb row_type=\u00bbrow\u00bb use_row_as_full_screen_section=\u00bbno\u00bb type=\u00bbgrid\u00bb angled_section=\u00bbno\u00bb text_align=\u00bbleft\u00bb background_image_as_pattern=\u00bbwithout_pattern\u00bb z_index=\u00bb\u00bb padding_top=\u00bb75&#8243; anchor=\u00bbinici\u00bb][vc_column][vc_column_text css=\u00bb\u00bb]<\/p>\n<h1 style=\"text-align: left;\">M\u00e1s de 90 a\u00f1os de historia carnicera en Aiguafreda<\/h1>\n<p>[\/vc_column_text][\/vc_column][\/vc_row][vc_row css_animation=\u00bb\u00bb row_type=\u00bbrow\u00bb use_row_as_full_screen_section=\u00bbno\u00bb type=\u00bbgrid\u00bb angled_section=\u00bbno\u00bb text_align=\u00bbleft\u00bb background_image_as_pattern=\u00bbwithout_pattern\u00bb z_index=\u00bb\u00bb padding_bottom=\u00bb75&#8243; padding_top=\u00bb75&#8243;][vc_column width=\u00bb1\/2&#8243;][vc_single_image image=\u00bb595&#8243; img_size=\u00bbfull\u00bb css=\u00bb\u00bb qode_css_animation=\u00bb\u00bb][vc_empty_space height=\u00bb25&#8243;][vc_column_text css=\u00bb\u00bb]<\/p>\n<p style=\"text-align: left;\"><em>Hamburguesas, croquetas, canelones y pelotillas elaborados artesanalmente, con recetas de siempre e ingredientes naturales. \u00a1Consulta todos nuestros productos!<\/em><\/p>\n<p>[\/vc_column_text][vc_empty_space height=\u00bb50&#8243;][\/vc_column][vc_column width=\u00bb1\/2&#8243;][vc_column_text css=\u00bb\u00bb]<\/p>\n<h2>Cuatro generaciones dedicadas al oficio<\/h2>\n<p>[\/vc_column_text][vc_empty_space height=\u00bb30&#8243;][vc_column_text css=\u00bb\u00bb]La historia de Carnicer\u00eda Can Jordi es la historia de un oficio transmitido de generaci\u00f3n en generaci\u00f3n, de un mostrador que ha visto pasar el tiempo sin perder nunca la esencia. Todo comienza en 1934, cuando los abuelos de la familia se instalan en Aiguafreda y abren una peque\u00f1a carnicer\u00eda en la calle del Pont. En una \u00e9poca marcada por el esfuerzo y la constancia, nace un negocio familiar con una idea muy clara: ofrecer buen producto, trabajarlo bien y tratar a cada cliente con respeto.[\/vc_column_text][vc_empty_space height=\u00bb75&#8243;][vc_column_text css=\u00bb\u00bb]<\/p>\n<h2>Adaptarse a los tiempos sin perder la esencia y el alma<\/h2>\n<p>[\/vc_column_text][vc_empty_space height=\u00bb30&#8243;][vc_column_text css=\u00bb\u00bb]Con los a\u00f1os, la carnicer\u00eda se traslada primero a la carretera de Ribes y, hacia 1960, a la calle Forti\u00e0 Sol\u00e0. Es en esta etapa cuando el padre Jordi Vila asume el relevo y consolida el negocio, manteniendo la tradici\u00f3n pero adapt\u00e1ndola a las nuevas necesidades de los clientes. Cada cambio de ubicaci\u00f3n no es una ruptura, sino una evoluci\u00f3n natural de un proyecto arraigado en el pueblo.[\/vc_column_text][vc_empty_space height=\u00bb25&#8243;]<a  itemprop=\"url\" href=\"\/es\/prodcutes-carne-embutidos-y-elaborados\/\" target=\"_self\"  class=\"qbutton  default\" style=\"\">VER TODOS LOS PRODUCTOS<\/a>[\/vc_column][\/vc_row][vc_row css_animation=\u00bb\u00bb row_type=\u00bbrow\u00bb use_row_as_full_screen_section=\u00bbno\u00bb type=\u00bbgrid\u00bb angled_section=\u00bbno\u00bb text_align=\u00bbleft\u00bb background_image_as_pattern=\u00bbwithout_pattern\u00bb z_index=\u00bb\u00bb][vc_column width=\u00bb1\/2&#8243;][vc_column_text css=\u00bb\u00bb]<\/p>\n<h2>Una nueva etapa, la misma forma de hacer<\/h2>\n<p>[\/vc_column_text][vc_empty_space height=\u00bb30&#8243;][vc_column_text css=\u00bb\u00bb]En 2004 comienzan las obras de lo que deb\u00eda ser una nueva etapa para la carnicer\u00eda. El 30 de marzo de 2006 se inaugura la actual tienda en la calle Moss\u00e8n Josep Salvans, un espacio moderno y funcional que permite mejorar el servicio sin renunciar a la forma de trabajar de siempre. Es en este momento cuando Anna Vila, limpia del fundador, toma el relevo como propietaria.[\/vc_column_text][vc_empty_space height=\u00bb75&#8243;][\/vc_column][vc_column width=\u00bb1\/2&#8243;][vc_column_text css=\u00bb\u00bb]<\/p>\n<h2>Tradici\u00f3n, orgullo y futuro<\/h2>\n<p>[\/vc_column_text][vc_empty_space height=\u00bb30&#8243;][vc_column_text css=\u00bb\u00bb]Hoy, Carnicer\u00eda Can Jordi es mucho m\u00e1s que una tienda de carne. Es un punto de referencia en Aiguafreda, un negocio que ha crecido con el pueblo y que sigue apostando por la calidad, la elaboraci\u00f3n propia y el producto de proximidad. M\u00e1s de 90 a\u00f1os despu\u00e9s, el oficio sigue vivo tras el mostrador, con la misma pasi\u00f3n, el mismo respeto por el producto y la misma voluntad de hacer las cosas bien.[\/vc_column_text][vc_empty_space height=\u00bb75&#8243;][\/vc_column][\/vc_row]<\/p>\n<\/div>","protected":false},"excerpt":{"rendered":"<p>[vc_row css_animation=\u00bb\u00bb row_type=\u00bbrow\u00bb use_row_as_full_screen_section=\u00bbno\u00bb type=\u00bbgrid\u00bb angled_section=\u00bbno\u00bb text_align=\u00bbleft\u00bb background_image_as_pattern=\u00bbwithout_pattern\u00bb z_index=\u00bb\u00bb padding_top=\u00bb30&#8243;][vc_column][vc_column_text css=\u00bb\u00bb] Inicio \/\/ Historia y valores [\/vc_column_text][\/vc_column][\/vc_row][vc_row css_animation=\u00bb\u00bb row_type=\u00bbrow\u00bb use_row_as_full_screen_section=\u00bbno\u00bb type=\u00bbgrid\u00bb angled_section=\u00bbno\u00bb text_align=\u00bbleft\u00bb background_image_as_pattern=\u00bbwithout_pattern\u00bb z_index=\u00bb\u00bb padding_top=\u00bb75&#8243; anchor=\u00bbinici\u00bb][vc_column][vc_column_text css=\u00bb\u00bb] M\u00e1s de 90 a\u00f1os de historia carnicera en Aiguafreda [\/vc_column_text][\/vc_column][\/vc_row][vc_row css_animation=\u00bb\u00bb row_type=\u00bbrow\u00bb use_row_as_full_screen_section=\u00bbno\u00bb type=\u00bbgrid\u00bb angled_section=\u00bbno\u00bb text_align=\u00bbleft\u00bb background_image_as_pattern=\u00bbwithout_pattern\u00bb&#8230;<\/p>\n","protected":false},"author":1,"featured_media":0,"parent":0,"menu_order":0,"comment_status":"closed","ping_status":"closed","template":"full_width.php","meta":{"_joinchat":[],"footnotes":""},"class_list":["post-707","page","type-page","status-publish","hentry"],"_links":{"self":[{"href":"https:\/\/www.annacanjordi.com\/es\/wp-json\/wp\/v2\/pages\/707","targetHints":{"allow":["GET"]}}],"collection":[{"href":"https:\/\/www.annacanjordi.com\/es\/wp-json\/wp\/v2\/pages"}],"about":[{"href":"https:\/\/www.annacanjordi.com\/es\/wp-json\/wp\/v2\/types\/page"}],"author":[{"embeddable":true,"href":"https:\/\/www.annacanjordi.com\/es\/wp-json\/wp\/v2\/users\/1"}],"replies":[{"embeddable":true,"href":"https:\/\/www.annacanjordi.com\/es\/wp-json\/wp\/v2\/comments?post=707"}],"version-history":[{"count":4,"href":"https:\/\/www.annacanjordi.com\/es\/wp-json\/wp\/v2\/pages\/707\/revisions"}],"predecessor-version":[{"id":712,"href":"https:\/\/www.annacanjordi.com\/es\/wp-json\/wp\/v2\/pages\/707\/revisions\/712"}],"wp:attachment":[{"href":"https:\/\/www.annacanjordi.com\/es\/wp-json\/wp\/v2\/media?parent=707"}],"curies":[{"name":"wp","href":"https:\/\/api.w.org\/{rel}","templated":true}]}}