{"id":714,"date":"2026-01-22T17:53:08","date_gmt":"2026-01-22T15:53:08","guid":{"rendered":"https:\/\/www.annacanjordi.com\/?page_id=714"},"modified":"2026-03-02T11:56:14","modified_gmt":"2026-03-02T09:56:14","slug":"productos","status":"publish","type":"page","link":"https:\/\/www.annacanjordi.com\/es\/productos\/","title":{"rendered":"Productos"},"content":{"rendered":"<div class=\"wpb-content-wrapper\"><p>[vc_row css_animation=\u00bb\u00bb row_type=\u00bbrow\u00bb use_row_as_full_screen_section=\u00bbno\u00bb type=\u00bbgrid\u00bb angled_section=\u00bbno\u00bb text_align=\u00bbleft\u00bb background_image_as_pattern=\u00bbwithout_pattern\u00bb z_index=\u00bb\u00bb padding_top=\u00bb30&#8243;][vc_column][vc_column_text css=\u00bb\u00bb]<\/p>\n<p style=\"text-align: right;\"><a href=\"\/es\">Inicio<\/a> \/\/ Productos<\/p>\n<p>[\/vc_column_text][\/vc_column][\/vc_row][vc_row css_animation=\u00bb\u00bb row_type=\u00bbrow\u00bb use_row_as_full_screen_section=\u00bbno\u00bb type=\u00bbgrid\u00bb angled_section=\u00bbno\u00bb text_align=\u00bbleft\u00bb background_image_as_pattern=\u00bbwithout_pattern\u00bb z_index=\u00bb\u00bb padding_bottom=\u00bb75&#8243; padding_top=\u00bb50&#8243; anchor=\u00bbinici\u00bb][vc_column][vc_column_text css=\u00bb\u00bb]<\/p>\n<h1 style=\"text-align: left;\">Carnes y productos de calidad<\/h1>\n<p>[\/vc_column_text][vc_empty_space height=\u00bb20&#8243;][vc_column_text css=\u00bb\u00bb]En Carnicer\u00eda Can Jordi trabajamos cada producto con el mismo criterio: calidad, frescura y confianza. Seleccionamos las materias primas cuidadosamente y priorizamos siempre el producto de proximidad, garantizando una carne sabrosa, segura y tratada con respeto. Tanto si buscas carne fresca para el d\u00eda a d\u00eda como productos especiales para una celebraci\u00f3n, aqu\u00ed encontrar\u00e1s asesoramiento personalizado y productos de alta calidad.[\/vc_column_text][vc_empty_space height=\u00bb25&#8243;]<a  itemprop=\"url\" href=\"\/es\/contacto\" target=\"_self\"  class=\"qbutton  default\" style=\"\">HACER UN ENCARGO<\/a>[\/vc_column][\/vc_row][vc_row css_animation=\u00bb\u00bb row_type=\u00bbrow\u00bb use_row_as_full_screen_section=\u00bbno\u00bb type=\u00bbgrid\u00bb angled_section=\u00bbno\u00bb text_align=\u00bbleft\u00bb background_image_as_pattern=\u00bbwithout_pattern\u00bb z_index=\u00bb\u00bb css=\u00bb.vc_custom_1772090840215{background-image: url(https:\/\/www.annacanjordi.com\/wp-content\/uploads\/2026\/02\/anna-carnisseria-can-jordi-aiguafreda-fons.jpg?id=680) !important;}\u00bb padding_top=\u00bb75&#8243; anchor=\u00bbcarn\u00bb][vc_column width=\u00bb1\/2&#8243;][vc_column_text css=\u00bb\u00bb]<\/p>\n<h2 style=\"text-align: left;\">Productos c\u00e1rnicos: carne fresca seleccionada todos los d\u00edas<\/h2>\n<p>[\/vc_column_text][vc_empty_space height=\u00bb50&#8243;][vc_column_text css=\u00bb\u00bb]La base de nuestra carnicer\u00eda es la carne fresca. Trabajamos con proveedores de confianza y seleccionamos cada prenda para que llegue al mostrador en las mejores condiciones. Apostamos por una carne sabrosa, tierna y adecuada tanto para cocina tradicional como para recetas m\u00e1s actuales.<\/p>\n<p>&nbsp;<\/p>\n<p>El pollo es uno de los productos m\u00e1s solicitados en Can Jordi. Ofrecemos pollo convencional, pollo de pay\u00e9s y pollo rey, ideales para distintos tipos de cocina. Adem\u00e1s, deshuesamos el pollo en la tienda, lo que nos permite ofrecer cortes limpios, pr\u00e1cticos y adaptados a cada cliente. Tambi\u00e9n disponemos de pollo ecol\u00f3gico bajo encargo, una opci\u00f3n perfecta para quien busca una alimentaci\u00f3n a\u00fan m\u00e1s consciente.<\/p>\n<p>&nbsp;<\/p>\n<p>En cuanto a las carnes rojas, encontrar\u00e1s cerdo, ternera y cordero de gran calidad, ideales tanto para asados, guisos como para la plancha o la brasa. Completamos la oferta con conejo y pavo, carnes ligeras y vers\u00e1tiles, muy apreciadas en cocina saludable.[\/vc_column_text][vc_separator type=\u00bbnormal\u00bb color=\u00bb#682340&#8243; thickness=\u00bb10&#8243; up=\u00bb50&#8243; down=\u00bb25&#8243;][vc_column_text css=\u00bb\u00bb]<\/p>\n<h3>Nuestra carne<\/h3>\n<p>[\/vc_column_text][vc_empty_space height=\u00bb15&#8243;][vc_column_text css=\u00bb\u00bb]<strong>Pollo, pollo de pay\u00e9s, pollo rey, pollo deshuesado (elaboraci\u00f3n propia), pollo ecol\u00f3gico (por encargo), cerdo, ternera, cordero, conejo y pavo.<\/strong>[\/vc_column_text][vc_separator type=\u00bbnormal\u00bb color=\u00bb#682340&#8243; thickness=\u00bb3&#8243; up=\u00bb25&#8243;][vc_empty_space height=\u00bb75&#8243;][\/vc_column][vc_column width=\u00bb1\/2&#8243;][vc_single_image image=\u00bb604&#8243; img_size=\u00bbfull\u00bb css=\u00bb\u00bb qode_css_animation=\u00bb\u00bb][vc_empty_space height=\u00bb75&#8243;][\/vc_column][\/vc_row][vc_row css_animation=\u00bb\u00bb row_type=\u00bbrow\u00bb use_row_as_full_screen_section=\u00bbno\u00bb type=\u00bbgrid\u00bb angled_section=\u00bbno\u00bb text_align=\u00bbleft\u00bb background_image_as_pattern=\u00bbwithout_pattern\u00bb z_index=\u00bb\u00bb padding_top=\u00bb75&#8243; anchor=\u00bbelaborats\u00bb][vc_column width=\u00bb1\/2&#8243;][vc_column_text css=\u00bb\u00bb]<\/p>\n<h2 style=\"text-align: left;\">Elaborados propios, caseros y de proximidad realizados en la Carnicer\u00eda Can Jordi<\/h2>\n<p>[\/vc_column_text][vc_empty_space height=\u00bb50&#8243;][vc_column_text css=\u00bb\u00bb]Los elaborados propios son el alma de Carnicer\u00eda Can Jordi y uno de los principales motivos por los que muchos clientes nos eligen a diario. Son productos hechos en casa, con tiempo, cuidado y recetas propias, utilizando exclusivamente carne de calidad e ingredientes naturales. No hay atajos ni procesos industriales: aqu\u00ed se trabaja como se ha hecho siempre.<\/p>\n<p>&nbsp;<\/p>\n<p>Nuestros elaborados est\u00e1n pensados \u200b\u200btanto para facilitar su d\u00eda a d\u00eda como para ofrecer platos especiales que mantienen el gusto de la cocina tradicional. Son ideales para familias, para quienes tienen poco tiempo para cocinar pero no quiere renunciar a comer bien, o para sorprender en la mesa con productos artesanos.<\/p>\n<p>&nbsp;<\/p>\n<p>En Can Jordi apostamos por una elaboraci\u00f3n 100% propia, con producto de proximidad y sin aditivos innecesarios. Esta forma de trabajar nos permite controlar todo el proceso y garantizar un resultado final sabroso, honesto y de confianza. Cada elaborado pasa por el mostrador con el mismo nivel de exigencia que la carne fresca.[\/vc_column_text][vc_empty_space height=\u00bb75&#8243;][\/vc_column][vc_column width=\u00bb1\/2&#8243;][vc_single_image image=\u00bb609&#8243; img_size=\u00bb800,675&#8243; css=\u00bb\u00bb qode_css_animation=\u00bb\u00bb][vc_empty_space height=\u00bb50&#8243;][\/vc_column][\/vc_row][vc_row css_animation=\u00bb\u00bb row_type=\u00bbrow\u00bb use_row_as_full_screen_section=\u00bbno\u00bb type=\u00bbgrid\u00bb angled_section=\u00bbno\u00bb text_align=\u00bbleft\u00bb background_image_as_pattern=\u00bbwithout_pattern\u00bb z_index=\u00bb\u00bb][vc_column width=\u00bb1\/2&#8243;][vc_separator type=\u00bbnormal\u00bb color=\u00bb#682340&#8243; thickness=\u00bb10&#8243; down=\u00bb0&#8243;][vc_single_image image=\u00bb607&#8243; img_size=\u00bbfull\u00bb css=\u00bb\u00bb qode_css_animation=\u00bb\u00bb][vc_empty_space height=\u00bb25&#8243;][vc_column_text css=\u00bb\u00bb]<\/p>\n<h3>Hamburguesas artesanas<\/h3>\n<p>[\/vc_column_text][vc_separator type=\u00bbsmall\u00bb position=\u00bbleft\u00bb color=\u00bb#000000&#8243; thickness=\u00bb2&#8243; width=\u00bb100&#8243; up=\u00bb5&#8243; down=\u00bb15&#8243;][vc_column_text css=\u00bb\u00bb]Las hamburguesas son uno de los m\u00e1s apreciados por nuestros clientes. Las preparamos artesanalmente, con carne seleccionada y condimentada con equilibrio, para que el gusto de la carne sea el protagonista.<\/p>\n<p>&nbsp;<\/p>\n<p><strong>Disponemos de hamburguesas de: pollo, ternera, bistec de ternera y pavo.<\/strong><\/p>\n<p>&nbsp;<\/p>\n<p>Seg\u00fan la temporada, tambi\u00e9n elaboramos hamburguesas especiales con ingredientes como ajos tiernos o cebolla, que aportan un toque extra de sabor sin perder la esencia del producto.[\/vc_column_text][vc_empty_space height=\u00bb50&#8243;][\/vc_column][vc_column width=\u00bb1\/2&#8243;][vc_separator type=\u00bbnormal\u00bb color=\u00bb#682340&#8243; thickness=\u00bb10&#8243; down=\u00bb0&#8243;][vc_single_image image=\u00bb612&#8243; img_size=\u00bbfull\u00bb css=\u00bb\u00bb qode_css_animation=\u00bb\u00bb][vc_empty_space height=\u00bb25&#8243;][vc_column_text css=\u00bb\u00bb]<\/p>\n<h3>Croquetas caseras<\/h3>\n<p>[\/vc_column_text][vc_separator type=\u00bbsmall\u00bb position=\u00bbleft\u00bb color=\u00bb#000000&#8243; thickness=\u00bb2&#8243; width=\u00bb100&#8243; up=\u00bb5&#8243; down=\u00bb15&#8243;][vc_column_text css=\u00bb\u00bb]Las croquetas de Can Jordi son sin\u00f3nimo de cocina casera. Cremosas por dentro y crujientes por fuera, est\u00e1n elaboradas siguiendo recetas tradicionales y con ingredientes de primera calidad.<\/p>\n<p>&nbsp;<\/p>\n<p><strong>Ofrecemos croquetas de: pollo, carne asada y bacalao.<\/strong><\/p>\n<p>&nbsp;<\/p>\n<p>Son ideales tanto para comida r\u00e1pida como para aperitivos y celebraciones.[\/vc_column_text][vc_empty_space height=\u00bb50&#8243;][\/vc_column][\/vc_row][vc_row css_animation=\u00bb\u00bb row_type=\u00bbrow\u00bb use_row_as_full_screen_section=\u00bbno\u00bb type=\u00bbgrid\u00bb angled_section=\u00bbno\u00bb text_align=\u00bbleft\u00bb background_image_as_pattern=\u00bbwithout_pattern\u00bb z_index=\u00bb\u00bb][vc_column width=\u00bb1\/4&#8243;][vc_separator type=\u00bbnormal\u00bb color=\u00bb#682340&#8243; thickness=\u00bb10&#8243; down=\u00bb0&#8243;][vc_single_image image=\u00bb778&#8243; img_size=\u00bbfull\u00bb css=\u00bb\u00bb qode_css_animation=\u00bb\u00bb][vc_empty_space height=\u00bb25&#8243;][vc_column_text css=\u00bb\u00bb]<\/p>\n<h3>Canelones de carne asada<\/h3>\n<p>[\/vc_column_text][vc_separator type=\u00bbsmall\u00bb position=\u00bbleft\u00bb color=\u00bb#000000&#8243; thickness=\u00bb2&#8243; width=\u00bb100&#8243; up=\u00bb5&#8243; down=\u00bb15&#8243;][vc_column_text css=\u00bb\u00bb]Los canelones son uno de los platos m\u00e1s emblem\u00e1ticos de la cocina catalana, y en Can Jordi les preparamos c\u00f3mo se ha hecho toda la vida. Rellenos con carne asada y elaborados con paciencia, son perfectos para almuerzos familiares, fiestas y ocasiones especiales.[\/vc_column_text][vc_empty_space height=\u00bb50&#8243;][\/vc_column][vc_column width=\u00bb1\/4&#8243;][vc_separator type=\u00bbnormal\u00bb color=\u00bb#682340&#8243; thickness=\u00bb10&#8243; down=\u00bb0&#8243;][vc_single_image image=\u00bb615&#8243; img_size=\u00bbfull\u00bb css=\u00bb\u00bb qode_css_animation=\u00bb\u00bb][vc_empty_space height=\u00bb25&#8243;][vc_column_text css=\u00bb\u00bb]<\/p>\n<h3>Pelotillas<\/h3>\n<p>[\/vc_column_text][vc_separator type=\u00bbsmall\u00bb position=\u00bbleft\u00bb color=\u00bb#000000&#8243; thickness=\u00bb2&#8243; width=\u00bb100&#8243; up=\u00bb5&#8243; down=\u00bb15&#8243;][vc_column_text css=\u00bb\u00bb]Las pelotillas son otro de los grandes cl\u00e1sicos de la casa. Sabrosas, tiernas y hechas con carne de calidad, son ideales para guisos tradicionales y platos de cuchara que reconfortan.[\/vc_column_text][vc_empty_space height=\u00bb50&#8243;][\/vc_column][vc_column width=\u00bb1\/4&#8243;][vc_separator type=\u00bbnormal\u00bb color=\u00bb#682340&#8243; thickness=\u00bb10&#8243; down=\u00bb0&#8243;][vc_single_image image=\u00bb617&#8243; img_size=\u00bbfull\u00bb css=\u00bb\u00bb qode_css_animation=\u00bb\u00bb][vc_empty_space height=\u00bb25&#8243;][vc_column_text css=\u00bb\u00bb]<\/p>\n<h3>Butifarra y salchichas<\/h3>\n<p>[\/vc_column_text][vc_separator type=\u00bbsmall\u00bb position=\u00bbleft\u00bb color=\u00bb#000000&#8243; thickness=\u00bb2&#8243; width=\u00bb100&#8243; up=\u00bb5&#8243; down=\u00bb15&#8243;][vc_column_text css=\u00bb\u00bb]Elaboramos butifarras y salchichas propias, pensadas tanto para el consumo diario como para barbacoas y comidas especiales. Su sabor equilibrado y la calidad de la carne las convierten en un producto imprescindible en muchos hogares.[\/vc_column_text][vc_empty_space height=\u00bb50&#8243;][\/vc_column][vc_column width=\u00bb1\/4&#8243;][vc_separator type=\u00bbnormal\u00bb color=\u00bb#682340&#8243; thickness=\u00bb10&#8243; down=\u00bb0&#8243;][vc_single_image image=\u00bb620&#8243; img_size=\u00bbfull\u00bb css=\u00bb\u00bb qode_css_animation=\u00bb\u00bb][vc_empty_space height=\u00bb25&#8243;][vc_column_text css=\u00bb\u00bb]<\/p>\n<h3>Pinchos y rebozados<\/h3>\n<p>[\/vc_column_text][vc_separator type=\u00bbsmall\u00bb position=\u00bbleft\u00bb color=\u00bb#000000&#8243; thickness=\u00bb2&#8243; width=\u00bb100&#8243; up=\u00bb5&#8243; down=\u00bb15&#8243;][vc_column_text css=\u00bb\u00bb]Completamos la oferta de elaborados con <strong>pinchos de pollo<\/strong> y de <strong>cerdo<\/strong>, perfectos para la plancha o la brasa, y con <strong>rebozados<\/strong> (<strong>libritos de lomo<\/strong> y de <strong>pecho de pollo).<\/strong>\u00a0Estos productos est\u00e1n pensados \u200b\u200bpara facilitar la cocina del d\u00eda a d\u00eda sin renunciar al gusto ni a la calidad.[\/vc_column_text][vc_empty_space height=\u00bb50&#8243;][\/vc_column][\/vc_row][vc_row css_animation=\u00bb\u00bb row_type=\u00bbrow\u00bb use_row_as_full_screen_section=\u00bbno\u00bb type=\u00bbgrid\u00bb angled_section=\u00bbno\u00bb text_align=\u00bbleft\u00bb background_image_as_pattern=\u00bbwithout_pattern\u00bb z_index=\u00bb\u00bb css=\u00bb.vc_custom_1772090893173{background-image: url(https:\/\/www.annacanjordi.com\/wp-content\/uploads\/2026\/02\/anna-carnisseria-can-jordi-aiguafreda-fons.jpg?id=680) !important;}\u00bb padding_top=\u00bb75&#8243; anchor=\u00bbembotits\u00bb][vc_column width=\u00bb1\/2&#8243;][vc_column_text css=\u00bb\u00bb]<\/p>\n<h2 style=\"text-align: left;\">Embutidos tradicionales con sabor a antes<\/h2>\n<p>[\/vc_column_text][vc_empty_space height=\u00bb50&#8243;][vc_column_text css=\u00bb\u00bb]Los embutidos forman parte de nuestra identidad gastron\u00f3mica y en Can Jordi los cuidamos como es debido. Ofrecemos una amplia selecci\u00f3n de embutidos tradicionales catalanes, elaborados siguiendo recetas de siempre y con ingredientes de calidad. Algunos de estos embutidos est\u00e1n hechos en casa, manteniendo el sabor aut\u00e9ntico que recuerda a las mesas de toda la vida.<\/p>\n<p>&nbsp;<\/p>\n<p>Desde el salchich\u00f3n y el fuet, ideales para desayunos y aperitivos, hasta las diferentes variedades de butifarra \u2014blanca, negra, de huevo o del perol\u2014, cada producto est\u00e1 pensado para ofrecer textura, aroma y sabor equilibrados. Tambi\u00e9n disponemos de bulls, jamones y chorizos, tanto para el consumo diario como para preparar bandejas de embutidos para encuentros y celebraciones.[\/vc_column_text][vc_separator type=\u00bbnormal\u00bb color=\u00bb#682340&#8243; thickness=\u00bb10&#8243; up=\u00bb50&#8243; down=\u00bb25&#8243;][vc_column_text css=\u00bb\u00bb]<\/p>\n<h3>Embutidos disponibles<\/h3>\n<p>[\/vc_column_text][vc_empty_space height=\u00bb15&#8243;][vc_column_text css=\u00bb\u00bb]<strong>Longaniza, somaia, fuet, butifarra de huevo, butifarra blanca, butifarra negra, butifarra del perol, hervor blanco y hervor negro, jam\u00f3n dulce, jam\u00f3n salado, chorizo, chistorra y chorizo \u200b\u200bhecho en casa.<\/strong>[\/vc_column_text][vc_separator type=\u00bbnormal\u00bb color=\u00bb#682340&#8243; thickness=\u00bb3&#8243; up=\u00bb25&#8243;][vc_empty_space height=\u00bb75&#8243;][\/vc_column][vc_column width=\u00bb1\/2&#8243;][vc_single_image image=\u00bb623&#8243; img_size=\u00bb800&#215;725&#8243; css=\u00bb\u00bb qode_css_animation=\u00bb\u00bb][vc_empty_space height=\u00bb75&#8243;][\/vc_column][\/vc_row][vc_row css_animation=\u00bb\u00bb row_type=\u00bbrow\u00bb use_row_as_full_screen_section=\u00bbno\u00bb type=\u00bbgrid\u00bb angled_section=\u00bbno\u00bb text_align=\u00bbleft\u00bb background_image_as_pattern=\u00bbwithout_pattern\u00bb z_index=\u00bb\u00bb padding_top=\u00bb75&#8243; anchor=\u00bbformatges\u00bb][vc_column width=\u00bb1\/2&#8243;][vc_column_text css=\u00bb\u00bb]<\/p>\n<h2 style=\"text-align: left;\">Quesos seleccionados<\/h2>\n<p>[\/vc_column_text][vc_empty_space height=\u00bb50&#8243;][vc_column_text css=\u00bb\u00bb]En Can Jordi completamos la oferta con una cuidada selecci\u00f3n de quesos, pensados \u200b\u200bpara maridar perfectamente con nuestros embutidos y carnes. Trabajamos quesos de vaca, cabra y oveja, con diferentes texturas e intensidades, ideales tanto para consumo diario como para preparar bandejas especiales.<\/p>\n<p>&nbsp;<\/p>\n<p>Los quesos de vaca destacan por su suavidad y cremosidad; los de cabra aportan un punto m\u00e1s intenso y arom\u00e1tico, mientras que los de oveja ofrecen sabores m\u00e1s profundos y persistentes. Nuestro equipo te asesorar\u00e1 para que encuentres el queso que mejor se adapta a tus gustos oa la ocasi\u00f3n.[\/vc_column_text][vc_separator type=\u00bbnormal\u00bb color=\u00bb#682340&#8243; thickness=\u00bb10&#8243; up=\u00bb50&#8243; down=\u00bb25&#8243;][vc_column_text css=\u00bb\u00bb]<\/p>\n<h3>Tipo de quesos<\/h3>\n<p>[\/vc_column_text][vc_empty_space height=\u00bb15&#8243;][vc_column_text css=\u00bb\u00bb]<strong>Quesos de vaca, quesos de cabra y quesos de oveja.<\/strong>[\/vc_column_text][vc_separator type=\u00bbnormal\u00bb color=\u00bb#682340&#8243; thickness=\u00bb3&#8243; up=\u00bb25&#8243;][vc_empty_space height=\u00bb75&#8243;][\/vc_column][vc_column width=\u00bb1\/2&#8243;][vc_single_image image=\u00bb626&#8243; img_size=\u00bb800&#215;800&#8243; css=\u00bb\u00bb qode_css_animation=\u00bb\u00bb][vc_empty_space height=\u00bb50&#8243;][\/vc_column][\/vc_row][vc_row css_animation=\u00bb\u00bb row_type=\u00bbrow\u00bb use_row_as_full_screen_section=\u00bbno\u00bb type=\u00bbgrid\u00bb angled_section=\u00bbno\u00bb text_align=\u00bbleft\u00bb background_image_as_pattern=\u00bbwithout_pattern\u00bb z_index=\u00bb\u00bb padding_top=\u00bb75&#8243; anchor=\u00bbmenjar-preparat\u00bb css=\u00bb.vc_custom_1772091061481{background-image: url(https:\/\/www.annacanjordi.com\/wp-content\/uploads\/2026\/02\/anna-carnisseria-can-jordi-aiguafreda-fons.jpg?id=680) !important;}\u00bb][vc_column width=\u00bb1\/2&#8243;][vc_column_text css=\u00bb\u00bb]<\/p>\n<h2 style=\"text-align: left;\">Comida preparada casera para llevar<\/h2>\n<p>[\/vc_column_text][vc_empty_space height=\u00bb50&#8243;][vc_column_text css=\u00bb\u00bb]Nuestras comidas preparadas est\u00e1n elaboradas con producto natural y de proximidad, siguiendo recetas tradicionales.[\/vc_column_text][vc_separator type=\u00bbnormal\u00bb color=\u00bb#682340&#8243; thickness=\u00bb10&#8243; up=\u00bb50&#8243; down=\u00bb25&#8243;][vc_column_text css=\u00bb\u00bb]<\/p>\n<h3>Platos disponibles<\/h3>\n<p>[\/vc_column_text][vc_empty_space height=\u00bb15&#8243;][vc_column_text css=\u00bb\u00bb]<strong>Galtas de cerdo, fricand\u00f3 de ternera, pollo a la cerveza, callos y carne del perol.<\/strong>[\/vc_column_text][vc_separator type=\u00bbnormal\u00bb color=\u00bb#682340&#8243; thickness=\u00bb3&#8243; up=\u00bb25&#8243;][vc_empty_space height=\u00bb75&#8243;][\/vc_column][vc_column width=\u00bb1\/2&#8243;][vc_single_image image=\u00bb629&#8243; img_size=\u00bb800&#215;400&#8243; css=\u00bb\u00bb qode_css_animation=\u00bb\u00bb][vc_empty_space height=\u00bb75&#8243;][\/vc_column][\/vc_row][vc_row css_animation=\u00bb\u00bb row_type=\u00bbrow\u00bb use_row_as_full_screen_section=\u00bbno\u00bb type=\u00bbgrid\u00bb angled_section=\u00bbno\u00bb text_align=\u00bbleft\u00bb background_image_as_pattern=\u00bbwithout_pattern\u00bb z_index=\u00bb\u00bb padding_top=\u00bb75&#8243; padding_bottom=\u00bb25&#8243; anchor=\u00bbllegums\u00bb][vc_column width=\u00bb1\/2&#8243;][vc_column_text css=\u00bb\u00bb]<\/p>\n<h2 style=\"text-align: left;\">Legumbres cocidas todos los d\u00edas<\/h2>\n<p>[\/vc_column_text][vc_empty_space height=\u00bb50&#8243;][vc_column_text css=\u00bb\u00bb]Cada d\u00eda cocinamos legumbres para que puedas llevarlas a punto.[\/vc_column_text][vc_separator type=\u00bbnormal\u00bb color=\u00bb#682340&#8243; thickness=\u00bb10&#8243; up=\u00bb50&#8243; down=\u00bb25&#8243;][vc_column_text css=\u00bb\u00bb]<\/p>\n<h3>Legumbre disponible<\/h3>\n<p>[\/vc_column_text][vc_empty_space height=\u00bb15&#8243;][vc_column_text css=\u00bb\u00bb]<strong>Garbanzos, jud\u00edas y lentejas.<\/strong>[\/vc_column_text][vc_separator type=\u00bbnormal\u00bb color=\u00bb#682340&#8243; thickness=\u00bb3&#8243; up=\u00bb25&#8243;][vc_empty_space height=\u00bb75&#8243;][\/vc_column][vc_column width=\u00bb1\/2&#8243;][vc_single_image image=\u00bb589&#8243; img_size=\u00bb800&#215;400&#8243; css=\u00bb\u00bb qode_css_animation=\u00bb\u00bb][vc_empty_space height=\u00bb50&#8243;][\/vc_column][\/vc_row]<\/p>\n<\/div>","protected":false},"excerpt":{"rendered":"<p>[vc_row css_animation=\u00bb\u00bb row_type=\u00bbrow\u00bb use_row_as_full_screen_section=\u00bbno\u00bb type=\u00bbgrid\u00bb angled_section=\u00bbno\u00bb text_align=\u00bbleft\u00bb background_image_as_pattern=\u00bbwithout_pattern\u00bb z_index=\u00bb\u00bb padding_top=\u00bb30&#8243;][vc_column][vc_column_text css=\u00bb\u00bb] Inicio \/\/ Productos [\/vc_column_text][\/vc_column][\/vc_row][vc_row css_animation=\u00bb\u00bb row_type=\u00bbrow\u00bb use_row_as_full_screen_section=\u00bbno\u00bb type=\u00bbgrid\u00bb angled_section=\u00bbno\u00bb text_align=\u00bbleft\u00bb background_image_as_pattern=\u00bbwithout_pattern\u00bb z_index=\u00bb\u00bb padding_bottom=\u00bb75&#8243; padding_top=\u00bb50&#8243; anchor=\u00bbinici\u00bb][vc_column][vc_column_text css=\u00bb\u00bb] Carnes y productos de calidad [\/vc_column_text][vc_empty_space height=\u00bb20&#8243;][vc_column_text css=\u00bb\u00bb]En Carnicer\u00eda Can Jordi trabajamos cada producto con el mismo criterio:&#8230;<\/p>\n","protected":false},"author":1,"featured_media":0,"parent":0,"menu_order":0,"comment_status":"closed","ping_status":"closed","template":"full_width.php","meta":{"_joinchat":[],"footnotes":""},"class_list":["post-714","page","type-page","status-publish","hentry"],"_links":{"self":[{"href":"https:\/\/www.annacanjordi.com\/es\/wp-json\/wp\/v2\/pages\/714","targetHints":{"allow":["GET"]}}],"collection":[{"href":"https:\/\/www.annacanjordi.com\/es\/wp-json\/wp\/v2\/pages"}],"about":[{"href":"https:\/\/www.annacanjordi.com\/es\/wp-json\/wp\/v2\/types\/page"}],"author":[{"embeddable":true,"href":"https:\/\/www.annacanjordi.com\/es\/wp-json\/wp\/v2\/users\/1"}],"replies":[{"embeddable":true,"href":"https:\/\/www.annacanjordi.com\/es\/wp-json\/wp\/v2\/comments?post=714"}],"version-history":[{"count":7,"href":"https:\/\/www.annacanjordi.com\/es\/wp-json\/wp\/v2\/pages\/714\/revisions"}],"predecessor-version":[{"id":780,"href":"https:\/\/www.annacanjordi.com\/es\/wp-json\/wp\/v2\/pages\/714\/revisions\/780"}],"wp:attachment":[{"href":"https:\/\/www.annacanjordi.com\/es\/wp-json\/wp\/v2\/media?parent=714"}],"curies":[{"name":"wp","href":"https:\/\/api.w.org\/{rel}","templated":true}]}}