{"id":723,"date":"2026-01-22T19:21:47","date_gmt":"2026-01-22T17:21:47","guid":{"rendered":"https:\/\/www.annacanjordi.com\/?page_id=723"},"modified":"2026-02-26T13:31:34","modified_gmt":"2026-02-26T11:31:34","slug":"encargos-especiales","status":"publish","type":"page","link":"https:\/\/www.annacanjordi.com\/es\/encargos-especiales\/","title":{"rendered":"Encargos especiales"},"content":{"rendered":"<div class=\"wpb-content-wrapper\"><p>[vc_row css_animation=\u00bb\u00bb row_type=\u00bbrow\u00bb use_row_as_full_screen_section=\u00bbno\u00bb type=\u00bbgrid\u00bb angled_section=\u00bbno\u00bb text_align=\u00bbleft\u00bb background_image_as_pattern=\u00bbwithout_pattern\u00bb z_index=\u00bb\u00bb padding_top=\u00bb30&#8243;][vc_column][vc_column_text css=\u00bb\u00bb]<\/p>\n<p style=\"text-align: right;\"><a href=\"\/es\">Inicio<\/a> \/\/ Encargos especiales<\/p>\n<p>[\/vc_column_text][\/vc_column][\/vc_row][vc_row css_animation=\u00bb\u00bb row_type=\u00bbrow\u00bb use_row_as_full_screen_section=\u00bbno\u00bb type=\u00bbgrid\u00bb angled_section=\u00bbno\u00bb text_align=\u00bbleft\u00bb background_image_as_pattern=\u00bbwithout_pattern\u00bb z_index=\u00bb\u00bb padding_bottom=\u00bb25&#8243; padding_top=\u00bb50&#8243; anchor=\u00bbinici\u00bb][vc_column width=\u00bb1\/2&#8243;][vc_column_text css=\u00bb\u00bb]<\/p>\n<h1 style=\"text-align: left;\">Encargos personalizados en Carnicer\u00eda Can Jordi<\/h1>\n<p>[\/vc_column_text][vc_empty_space height=\u00bb25&#8243;][vc_column_text css=\u00bb\u00bb]<\/p>\n<h2>Nos adaptamos a lo que necesitas, como se ha hecho siempre<\/h2>\n<p>[\/vc_column_text][vc_empty_space height=\u00bb75&#8243;][vc_column_text css=\u00bb\u00bb]En Carnicer\u00eda Can Jordi entendemos que cada cliente y cada ocasi\u00f3n son diferentes. Por eso ofrecemos un servicio de encargos personalizados, pensado para facilitarte el d\u00eda a d\u00eda y ayudarte a preparar comidas especiales sin preocupaciones. Tanto si tienes un almuerzo familiar, una celebraci\u00f3n o una fecha se\u00f1alada, nos encargamos de preparar los productos a medida, con la misma calidad y cuidado de siempre.<\/p>\n<p>&nbsp;<\/p>\n<p>Los encargos son ideales para fiestas, encuentros familiares y celebraciones, pero tambi\u00e9n para quienes quieren organizarse mejor durante la semana. Preparamos los productos con antelaci\u00f3n para que s\u00f3lo tengas que preocuparte de disfrutarlos en la mesa.<\/p>\n<p>&nbsp;<\/p>\n<p>Aceptamos encargos de forma f\u00e1cil y directa, principalmente a trav\u00e9s de WhatsApp, manteniendo un trato cercano y personal. En algunos casos concertados, tambi\u00e9n ofrecemos servicio a domicilio en la zona de Osona Sur.[\/vc_column_text][vc_empty_space height=\u00bb25&#8243;]<a  itemprop=\"url\" href=\"\/es\/contacto\" target=\"_self\"  class=\"qbutton  default\" style=\"\">HACER UN ENCARGO<\/a>[vc_empty_space height=\u00bb50&#8243;][\/vc_column][vc_column width=\u00bb1\/2&#8243;][vc_single_image image=\u00bb598&#8243; img_size=\u00bbfull\u00bb css=\u00bb\u00bb qode_css_animation=\u00bb\u00bb][vc_empty_space height=\u00bb50&#8243;][\/vc_column][\/vc_row][vc_row css_animation=\u00bb\u00bb row_type=\u00bbrow\u00bb use_row_as_full_screen_section=\u00bbno\u00bb type=\u00bbgrid\u00bb angled_section=\u00bbno\u00bb text_align=\u00bbleft\u00bb background_image_as_pattern=\u00bbwithout_pattern\u00bb z_index=\u00bb\u00bb][vc_column width=\u00bb1\/5&#8243;][vc_column_text css=\u00bb\u00bb]<\/p>\n<h3>Pollo relleno por las fiestas de Navidad<\/h3>\n<p>[\/vc_column_text][vc_separator type=\u00bbsmall\u00bb position=\u00bbleft\u00bb color=\u00bb#000000&#8243; thickness=\u00bb2&#8243; width=\u00bb100&#8243; up=\u00bb5&#8243; down=\u00bb15&#8243;][vc_column_text css=\u00bb\u00bb]Uno de los encargos m\u00e1s tradicionales y valorados. Lo preparamos siguiendo recetas cl\u00e1sicas, con rellenos sabrosos y carne de calidad, ideal para las comidas navide\u00f1as.[\/vc_column_text][vc_empty_space height=\u00bb50&#8243;][\/vc_column][vc_column width=\u00bb1\/5&#8243;][vc_column_text css=\u00bb\u00bb]<\/p>\n<h3>Comida para almuerzos y celebraciones<\/h3>\n<p>[\/vc_column_text][vc_separator type=\u00bbsmall\u00bb position=\u00bbleft\u00bb color=\u00bb#000000&#8243; thickness=\u00bb2&#8243; width=\u00bb100&#8243; up=\u00bb5&#8243; down=\u00bb15&#8243;][vc_column_text css=\u00bb\u00bb]Platos elaborados y comidas preparadas para llevar, perfectas para comidas familiares, fiestas o reuniones con amigos.[\/vc_column_text][vc_empty_space height=\u00bb50&#8243;][\/vc_column][vc_column width=\u00bb1\/5&#8243;][vc_column_text css=\u00bb\u00bb]<\/p>\n<h3>Lonchas rellenas por ocasiones especiales<\/h3>\n<p>[\/vc_column_text][vc_separator type=\u00bbsmall\u00bb position=\u00bbleft\u00bb color=\u00bb#000000&#8243; thickness=\u00bb2&#8243; width=\u00bb100&#8243; up=\u00bb5&#8243; down=\u00bb15&#8243;][vc_column_text css=\u00bb\u00bb]Elaboramos lonchas de carne rellenos a medida, adapt\u00e1ndonos a los gustos del cliente y al tipo de cocci\u00f3n deseado.[\/vc_column_text][vc_empty_space height=\u00bb50&#8243;][\/vc_column][vc_column width=\u00bb1\/5&#8243;][vc_column_text css=\u00bb\u00bb]<\/p>\n<h3>Bandejas de embutidos para fiestas<\/h3>\n<p>[\/vc_column_text][vc_separator type=\u00bbsmall\u00bb position=\u00bbleft\u00bb color=\u00bb#000000&#8243; thickness=\u00bb2&#8243; width=\u00bb100&#8243; up=\u00bb5&#8243; down=\u00bb15&#8243;][vc_column_text css=\u00bb\u00bb]Bandejas variadas de embutidos, ideales para aperitivos, vermuts y celebraciones. Combinan productos tradicionales y de calidad, presentados listos para servir.[\/vc_column_text][vc_empty_space height=\u00bb50&#8243;][\/vc_column][vc_column width=\u00bb1\/5&#8243;][vc_column_text css=\u00bb\u00bb]<\/p>\n<h3>Bandejas de quesos para fiestas<\/h3>\n<p>[\/vc_column_text][vc_separator type=\u00bbsmall\u00bb position=\u00bbleft\u00bb color=\u00bb#000000&#8243; thickness=\u00bb2&#8243; width=\u00bb100&#8243; up=\u00bb5&#8243; down=\u00bb15&#8243;][vc_column_text css=\u00bb\u00bb]Preparamos bandejas de quesos de vaca, cabra y oveja, pensadas para todos los gustos y perfectas para compartir.[\/vc_column_text][vc_empty_space height=\u00bb50&#8243;][\/vc_column][\/vc_row]<\/p>\n<\/div>","protected":false},"excerpt":{"rendered":"<p>[vc_row css_animation=\u00bb\u00bb row_type=\u00bbrow\u00bb use_row_as_full_screen_section=\u00bbno\u00bb type=\u00bbgrid\u00bb angled_section=\u00bbno\u00bb text_align=\u00bbleft\u00bb background_image_as_pattern=\u00bbwithout_pattern\u00bb z_index=\u00bb\u00bb padding_top=\u00bb30&#8243;][vc_column][vc_column_text css=\u00bb\u00bb] Inicio \/\/ Encargos especiales [\/vc_column_text][\/vc_column][\/vc_row][vc_row css_animation=\u00bb\u00bb row_type=\u00bbrow\u00bb use_row_as_full_screen_section=\u00bbno\u00bb type=\u00bbgrid\u00bb angled_section=\u00bbno\u00bb text_align=\u00bbleft\u00bb background_image_as_pattern=\u00bbwithout_pattern\u00bb z_index=\u00bb\u00bb padding_bottom=\u00bb25&#8243; padding_top=\u00bb50&#8243; anchor=\u00bbinici\u00bb][vc_column width=\u00bb1\/2&#8243;][vc_column_text css=\u00bb\u00bb] Encargos personalizados en Carnicer\u00eda Can Jordi [\/vc_column_text][vc_empty_space height=\u00bb25&#8243;][vc_column_text css=\u00bb\u00bb] Nos adaptamos a lo que necesitas, como&#8230;<\/p>\n","protected":false},"author":1,"featured_media":0,"parent":0,"menu_order":0,"comment_status":"closed","ping_status":"closed","template":"full_width.php","meta":{"_joinchat":[],"footnotes":""},"class_list":["post-723","page","type-page","status-publish","hentry"],"_links":{"self":[{"href":"https:\/\/www.annacanjordi.com\/es\/wp-json\/wp\/v2\/pages\/723","targetHints":{"allow":["GET"]}}],"collection":[{"href":"https:\/\/www.annacanjordi.com\/es\/wp-json\/wp\/v2\/pages"}],"about":[{"href":"https:\/\/www.annacanjordi.com\/es\/wp-json\/wp\/v2\/types\/page"}],"author":[{"embeddable":true,"href":"https:\/\/www.annacanjordi.com\/es\/wp-json\/wp\/v2\/users\/1"}],"replies":[{"embeddable":true,"href":"https:\/\/www.annacanjordi.com\/es\/wp-json\/wp\/v2\/comments?post=723"}],"version-history":[{"count":4,"href":"https:\/\/www.annacanjordi.com\/es\/wp-json\/wp\/v2\/pages\/723\/revisions"}],"predecessor-version":[{"id":728,"href":"https:\/\/www.annacanjordi.com\/es\/wp-json\/wp\/v2\/pages\/723\/revisions\/728"}],"wp:attachment":[{"href":"https:\/\/www.annacanjordi.com\/es\/wp-json\/wp\/v2\/media?parent=723"}],"curies":[{"name":"wp","href":"https:\/\/api.w.org\/{rel}","templated":true}]}}